{"id":18,"date":"2016-10-15T17:16:44","date_gmt":"2016-10-15T15:16:44","guid":{"rendered":"http:\/\/www.ringot-villarecci.com\/?page_id=18"},"modified":"2016-12-15T16:35:18","modified_gmt":"2016-12-15T15:35:18","slug":"contact-devis","status":"publish","type":"page","link":"https:\/\/www.ringot-villarecci.com\/en\/contact-devis\/","title":{"rendered":"Contact"},"content":{"rendered":"<div class=\"wpb-content-wrapper\"><p>[vc_row][vc_column][vc_gmaps link=&#8221;#E-8_JTNDaWZyYW1lJTIwc3JjJTNEJTIyaHR0cHMlM0ElMkYlMkZ3d3cuZ29vZ2xlLmNvbSUyRm1hcHMlMkZlbWJlZCUzRnBiJTNEJTIxMW0xOCUyMTFtMTIlMjExbTMlMjExZDIzODUwOS42NDQ5MTc3MzMwNCUyMTJkMi4yODE1MjgwMzgzNzU1MTE0JTIxM2Q0OC42NjM3MjAzMTM3OTY2NCUyMTJtMyUyMTFmMCUyMTJmMCUyMTNmMCUyMTNtMiUyMTFpMTAyNCUyMTJpNzY4JTIxNGYxMy4xJTIxM20zJTIxMW0yJTIxMXMweDQ3ZTVlMjdlZTg1ODJkNzUlMjUzQTB4OTJmODg5YjU5NTk4MzNlZSUyMTJzUklOR09UJTJCJTI1MjYlMkJWSUxMQVJFQ0NJJTJCTWFyYnJlcmllJTJCU3QlMjVDMyUyNUE5JTJCTUZUQiUyMTVlMCUyMTNtMiUyMTFzZnIlMjEyc3RuJTIxNHYxNDgwNDk0OTgzNTM5JTIyJTIwd2lkdGglM0QlMjI2MDAlMjIlMjBoZWlnaHQlM0QlMjI0NTAlMjIlMjBmcmFtZWJvcmRlciUzRCUyMjAlMjIlMjBzdHlsZSUzRCUyMmJvcmRlciUzQTAlMjIlMjBhbGxvd2Z1bGxzY3JlZW4lM0UlM0MlMkZpZnJhbWUlM0U=&#8221; size=&#8221;250&#8243;][\/vc_column][\/vc_row][vc_row][vc_column width=&#8221;3\/4&#8243;][vc_column_text]<\/p>\n<h1 style=\"font-size: 38px; text-align: center;\">Contact &amp; Devis<\/h1>\n<p style=\"text-align: justify; text-align-last: center;\">Vous avez des questions, des remarques, des souhaits concernant l\u2019entreprise ou nos produits ? Vous d\u00e9sirez un Devis, remplissez ce formulaire et nous vous r\u00e9pondrons dans les meilleurs d\u00e9lais.<\/p>\n<p>[\/vc_column_text]\n<div class=\"wpcf7 no-js\" id=\"wpcf7-f4-o1\" lang=\"fr-FR\" dir=\"ltr\" data-wpcf7-id=\"4\">\n<div class=\"screen-reader-response\"><p role=\"status\" aria-live=\"polite\" aria-atomic=\"true\"><\/p> <ul><\/ul><\/div>\n<form action=\"\/en\/wp-json\/wp\/v2\/pages\/18#wpcf7-f4-o1\" method=\"post\" class=\"wpcf7-form init\" aria-label=\"Formulaire de contact\" enctype=\"multipart\/form-data\" novalidate=\"novalidate\" data-status=\"init\">\n<fieldset class=\"hidden-fields-container\"><input type=\"hidden\" name=\"_wpcf7\" value=\"4\" \/><input type=\"hidden\" name=\"_wpcf7_version\" value=\"6.1.5\" \/><input type=\"hidden\" name=\"_wpcf7_locale\" value=\"fr_FR\" \/><input type=\"hidden\" name=\"_wpcf7_unit_tag\" value=\"wpcf7-f4-o1\" \/><input type=\"hidden\" name=\"_wpcf7_container_post\" value=\"0\" \/><input type=\"hidden\" name=\"_wpcf7_posted_data_hash\" value=\"\" \/><input type=\"hidden\" name=\"_wpcf7_recaptcha_response\" value=\"\" \/>\n<\/fieldset>\n<div class=\"row contact-form\" id=\"contact-form\" >\n\t<div class=\"col-md-12\">\n\t\t<h2>Subject\n\t\t<\/h2>\n\t\t<p><span class=\"wpcf7-form-control-wrap\" data-name=\"radio-108\"><span class=\"wpcf7-form-control wpcf7-radio\"><span class=\"wpcf7-list-item first\"><label><span class=\"wpcf7-list-item-label\">Informations<\/span><input type=\"radio\" name=\"radio-108\" value=\"Informations\" checked=\"checked\" \/><\/label><\/span><span class=\"wpcf7-list-item last\"><label><span class=\"wpcf7-list-item-label\">quotation<\/span><input type=\"radio\" name=\"radio-108\" value=\"quotation\" \/><\/label><\/span><\/span><\/span>\n\t\t<\/p>\n\t<\/div>\n\t<div class=\"col-md-6\">\n\t\t<p><span class=\"wpcf7-form-control-wrap\" data-name=\"text-738\"><input size=\"40\" maxlength=\"400\" class=\"wpcf7-form-control wpcf7-text wpcf7-validates-as-required\" aria-required=\"true\" aria-invalid=\"false\" placeholder=\"First name\" value=\"\" type=\"text\" name=\"text-738\" \/><\/span>\n\t\t<\/p>\n\t<\/div>\n\t<div class=\"col-md-6\">\n\t\t<p><span class=\"wpcf7-form-control-wrap\" data-name=\"text-137\"><input size=\"40\" maxlength=\"400\" class=\"wpcf7-form-control wpcf7-text wpcf7-validates-as-required\" aria-required=\"true\" aria-invalid=\"false\" placeholder=\"Last name\" value=\"\" type=\"text\" name=\"text-137\" \/><\/span>\n\t\t<\/p>\n\t<\/div>\n\t<div class=\"col-md-6\">\n\t\t<p><span class=\"wpcf7-form-control-wrap\" data-name=\"email-161\"><input size=\"40\" maxlength=\"400\" class=\"wpcf7-form-control wpcf7-email wpcf7-validates-as-required wpcf7-text wpcf7-validates-as-email\" aria-required=\"true\" aria-invalid=\"false\" placeholder=\"Email\" value=\"\" type=\"email\" name=\"email-161\" \/><\/span>\n\t\t<\/p>\n\t<\/div>\n\t<div class=\"col-md-6\">\n\t\t<p><span class=\"wpcf7-form-control-wrap\" data-name=\"tel-5\"><input size=\"40\" maxlength=\"400\" class=\"wpcf7-form-control wpcf7-tel wpcf7-validates-as-required wpcf7-text wpcf7-validates-as-tel\" aria-required=\"true\" aria-invalid=\"false\" placeholder=\"Phone number\" value=\"\" type=\"tel\" name=\"tel-5\" \/><\/span>\n\t\t<\/p>\n\t<\/div>\n\t<div class=\"col-md-6\">\n\t\t<p><span class=\"wpcf7-form-control-wrap\" data-name=\"text-250\"><input size=\"40\" maxlength=\"400\" class=\"wpcf7-form-control wpcf7-text wpcf7-validates-as-required\" aria-required=\"true\" aria-invalid=\"false\" placeholder=\"Address\" value=\"\" type=\"text\" name=\"text-250\" \/><\/span>\n\t\t<\/p>\n\t<\/div>\n\t<div class=\"col-md-6\">\n\t\t<p><span class=\"wpcf7-form-control-wrap\" data-name=\"text-777\"><input size=\"40\" maxlength=\"400\" class=\"wpcf7-form-control wpcf7-text wpcf7-validates-as-required\" aria-required=\"true\" aria-invalid=\"false\" placeholder=\"Postal code\" value=\"\" type=\"text\" name=\"text-777\" \/><\/span>\n\t\t<\/p>\n\t<\/div>\n\t<div class=\"col-md-6\">\n\t\t<p><span class=\"wpcf7-form-control-wrap\" data-name=\"textarea-741\"><textarea cols=\"40\" rows=\"10\" maxlength=\"2000\" class=\"wpcf7-form-control wpcf7-textarea\" aria-invalid=\"false\" placeholder=\"Your message\" name=\"textarea-741\"><\/textarea><\/span>\n\t\t<\/p>\n\t<\/div>\n\t<div class=\"col-md-6\">\n\t\t<p><span class=\"wpcf7-form-control-wrap\" data-name=\"text-989\"><input size=\"40\" maxlength=\"400\" class=\"wpcf7-form-control wpcf7-text\" aria-invalid=\"false\" placeholder=\"City\" value=\"\" type=\"text\" name=\"text-989\" \/><\/span>\n\t\t<\/p>\n\t<\/div>\n\t<div class=\"col-md-6\">\n\t\t<p><span class=\"wpcf7-form-control-wrap\" data-name=\"file-382\"><input size=\"40\" class=\"wpcf7-form-control wpcf7-file\" accept=\".jpg,.jpeg,.png,.gif,.pdf\" aria-invalid=\"false\" type=\"file\" name=\"file-382\" \/><\/span><br \/>\n<small>Allowed extensions: .jpg, .png, .pdf<\/small>\n\t\t<\/p>\n\t<\/div>\n\t<div class=\"col-md-6\">\n\t\n\t<\/div>\n\t<div class=\"col-md-6\">\n\t\t<p><input class=\"wpcf7-form-control wpcf7-submit has-spinner\" type=\"submit\" value=\"Send\" \/>\n\t\t<\/p>\n\t<\/div>\n<\/div><p style=\"display: none !important;\" class=\"akismet-fields-container\" data-prefix=\"_wpcf7_ak_\"><label>&#916;<textarea name=\"_wpcf7_ak_hp_textarea\" cols=\"45\" rows=\"8\" maxlength=\"100\"><\/textarea><\/label><input type=\"hidden\" id=\"ak_js_1\" name=\"_wpcf7_ak_js\" value=\"30\"\/><script>document.getElementById( \"ak_js_1\" ).setAttribute( \"value\", ( new Date() ).getTime() );<\/script><\/p><div class=\"wpcf7-response-output\" aria-hidden=\"true\"><\/div>\n<\/form>\n<\/div>\n[\/vc_column][vc_column width=&#8221;1\/4&#8243; el_class=&#8221; contact-left-column&#8221;][vc_column_text]<\/p>\n<h3 class=\"title\">Ringot &amp; Villarecci<\/h3>\n<h4>Soci\u00e9t\u00e9 MFTB<\/h4>\n<p>143, Voie de Compi\u00e8gne<br \/>\n91390 MORSANG SUR ORGE<\/p>\n<p>T\u00e9l. : 01 60 15 55 55<br \/>\nE-mail : info@ringot-villarecci.com[\/vc_column_text][vc_column_text]<\/p>\n<p style=\"text-align: justify;\"><strong>Mentions l\u00e9gales<\/strong><\/p>\n<p style=\"text-align: justify;\">Les informations collect\u00e9es par le biais du formulaires du site ne seront pas transmises \u00e0 des tiers. Vous disposez d\u2019un droit d\u2019acc\u00e8s, de modification, de rectification et de suppression des donn\u00e9es vous concernant (loi \u00ab Informatique et Libert\u00e9s \u00bb du 6 janvier 1978). Pour toute demande, adressez-vous \u00e0 : info@ringot-villarecci.com.<\/p>\n<p style=\"text-align: justify;\"><strong>\u00c9diteur<\/strong><br \/>\nSoci\u00e9t\u00e9 MFTB &#8211; RCS : 419 664 586<\/p>\n<p style=\"text-align: justify;\"><strong>Directeur de la publication :<\/strong><br \/>\nDidier RINGOT<\/p>\n<p style=\"text-align: justify;\"><strong>Conception<\/strong><br \/>\nSitti<\/p>\n<p style=\"text-align: justify;\"><strong>H\u00e9bergement<\/strong><br \/>\nOVH &#8211; 2 rue Kellermann 59100 Roubaix<\/p>\n<p>[\/vc_column_text][\/vc_column][\/vc_row]<\/p>\n<\/div>","protected":false},"excerpt":{"rendered":"[vc_row][vc_column][vc_gmaps link=&#8221;#E-8_JTNDaWZyYW1lJTIwc3JjJTNEJTIyaHR0cHMlM0ElMkYlMkZ3d3cuZ29vZ2xlLmNvbSUyRm1hcHMlMkZlbWJlZCUzRnBiJTNEJTIxMW0xOCUyMTFtMTIlMjExbTMlMjExZDIzODUwOS42NDQ5MTc3MzMwNCUyMTJkMi4yODE1MjgwMzgzNzU1MTE0JTIxM2Q0OC42NjM3MjAzMTM3OTY2NCUyMTJtMyUyMTFmMCUyMTJmMCUyMTNmMCUyMTNtMiUyMTFpMTAyNCUyMTJpNzY4JTIxNGYxMy4xJTIxM20zJTIxMW0yJTIxMXMweDQ3ZTVlMjdlZTg1ODJkNzUlMjUzQTB4OTJmODg5YjU5NTk4MzNlZSUyMTJzUklOR09UJTJCJTI1MjYlMkJWSUxMQVJFQ0NJJTJCTWFyYnJlcmllJTJCU3QlMjVDMyUyNUE5JTJCTUZUQiUyMTVlMCUyMTNtMiUyMTFzZnIlMjEyc3RuJTIxNHYxNDgwNDk0OTgzNTM5JTIyJTIwd2lkdGglM0QlMjI2MDAlMjIlMjBoZWlnaHQlM0QlMjI0NTAlMjIlMjBmcmFtZWJvcmRlciUzRCUyMjAlMjIlMjBzdHlsZSUzRCUyMmJvcmRlciUzQTAlMjIlMjBhbGxvd2Z1bGxzY3JlZW4lM0UlM0MlMkZpZnJhbWUlM0U=&#8221; size=&#8221;250&#8243;][\/vc_column][\/vc_row][vc_row][vc_column width=&#8221;3\/4&#8243;][vc_column_text] Contact &amp; Devis Vous avez des questions, des remarques, des souhaits concernant l\u2019entreprise ou nos produits ? Vous d\u00e9sirez un Devis, remplissez ce formulaire et nous vous r\u00e9pondrons dans les meilleurs d\u00e9lais. [\/vc_column_text][\/vc_column][vc_column width=&#8221;1\/4&#8243; el_class=&#8221; contact-left-column&#8221;][vc_column_text] Ringot &amp; Villarecci Soci\u00e9t\u00e9 MFTB 143, Voie de Compi\u00e8gne 91390 MORSANG SUR ORGE T\u00e9l. :&#8230; <a class=\"view-article\" href=\"https:\/\/www.ringot-villarecci.com\/en\/contact-devis\/\">View Article<\/a>","protected":false},"author":5,"featured_media":0,"parent":0,"menu_order":0,"comment_status":"closed","ping_status":"closed","template":"","meta":{"footnotes":""},"class_list":["post-18","page","type-page","status-publish","hentry"],"_links":{"self":[{"href":"https:\/\/www.ringot-villarecci.com\/en\/wp-json\/wp\/v2\/pages\/18","targetHints":{"allow":["GET"]}}],"collection":[{"href":"https:\/\/www.ringot-villarecci.com\/en\/wp-json\/wp\/v2\/pages"}],"about":[{"href":"https:\/\/www.ringot-villarecci.com\/en\/wp-json\/wp\/v2\/types\/page"}],"author":[{"embeddable":true,"href":"https:\/\/www.ringot-villarecci.com\/en\/wp-json\/wp\/v2\/users\/5"}],"replies":[{"embeddable":true,"href":"https:\/\/www.ringot-villarecci.com\/en\/wp-json\/wp\/v2\/comments?post=18"}],"version-history":[{"count":30,"href":"https:\/\/www.ringot-villarecci.com\/en\/wp-json\/wp\/v2\/pages\/18\/revisions"}],"predecessor-version":[{"id":821,"href":"https:\/\/www.ringot-villarecci.com\/en\/wp-json\/wp\/v2\/pages\/18\/revisions\/821"}],"wp:attachment":[{"href":"https:\/\/www.ringot-villarecci.com\/en\/wp-json\/wp\/v2\/media?parent=18"}],"curies":[{"name":"wp","href":"https:\/\/api.w.org\/{rel}","templated":true}]}}